{"id":643,"date":"2017-01-02T08:28:52","date_gmt":"2017-01-02T08:28:52","guid":{"rendered":"https:\/\/demo.themegrill.com\/flash-default-2\/?page_id=5"},"modified":"2024-04-04T11:08:46","modified_gmt":"2024-04-04T11:08:46","slug":"home","status":"publish","type":"page","link":"https:\/\/www.scios.si\/scios-site\/","title":{"rendered":"Domov"},"content":{"rendered":"<div id=\"pl-643\"  class=\"panel-layout\" ><div id=\"pg-643-0\"  class=\"panel-grid panel-has-style\" ><div class=\"siteorigin-panels-stretch panel-row-style panel-row-style-for-643-0\" data-stretch-type=\"full-width-stretch\" ><div id=\"pgc-643-0-0\"  class=\"panel-grid-cell\" ><div id=\"panel-643-0-0-0\" class=\"so-panel widget widget_themegrill_flash_slider tg-section tg-slider-widget panel-first-child panel-last-child\" data-index=\"0\" ><div class=\"tg-slider-widget slider-light slider-content-center slider-control-center full-width\">\n\t<div class=\"swiper-container\">\n\t\t<div class=\"swiper-wrapper\">\n\t\t\t\n\t\t\t\t\t<div class=\"swiper-slide\">\n\t\t\t\t\t\t<figure class=\"slider-image\" >\n\t\t\t\t\t\t\t<img width=\"1800\" height=\"812\"\t\t\t\t\t\t\t\t\tsrc=\"https:\/\/www.scios.si\/scios-site\/wp-content\/uploads\/2022\/12\/naslovna1.jpg\"\n\t\t\t\t\t\t\t\t\talt=\"Vedeti ve\u010d\"\n\t\t\t\t\t\t\t\t\ttitle=\"Vedeti ve\u010d\"\/>\n\t\t\t\t\t\t\t<div class=\"overlay\"><\/div>\n\t\t\t\t\t\t<\/figure>\n\t\t\t\t\t\t<div class=\"slider-content\">\n\t\t\t\t\t\t\t<div class=\"tg-container\">\n\t\t\t\t\t\t\t\t<div class=\"caption-title\">Vedeti ve\u010d<\/div>\n\t\t\t\t\t\t\t\t<div class=\"caption-desc\"><\/div>\n\t\t\t\t\t\t\t\t\t\t\t\t\t\t\t<\/div>\n\t\t\t\t\t\t<\/div>\n\t\t\t\t\t<\/div>\n\n\t\t\t\t\n\t\t\t\t\t<div class=\"swiper-slide\">\n\t\t\t\t\t\t<figure class=\"slider-image\" >\n\t\t\t\t\t\t\t<img width=\"1800\" height=\"812\"\t\t\t\t\t\t\t\t\tsrc=\"https:\/\/www.scios.si\/scios-site\/wp-content\/uploads\/2024\/04\/naslovna5.jpg\"\n\t\t\t\t\t\t\t\t\talt=\"Vedeti ve\u010d\"\n\t\t\t\t\t\t\t\t\ttitle=\"Vedeti ve\u010d\"\/>\n\t\t\t\t\t\t\t<div class=\"overlay\"><\/div>\n\t\t\t\t\t\t<\/figure>\n\t\t\t\t\t\t<div class=\"slider-content\">\n\t\t\t\t\t\t\t<div class=\"tg-container\">\n\t\t\t\t\t\t\t\t<div class=\"caption-title\">Vedeti ve\u010d<\/div>\n\t\t\t\t\t\t\t\t<div class=\"caption-desc\"><\/div>\n\t\t\t\t\t\t\t\t\t\t\t\t\t\t\t<\/div>\n\t\t\t\t\t\t<\/div>\n\t\t\t\t\t<\/div>\n\n\t\t\t\t\n\t\t\t\t\t<div class=\"swiper-slide\">\n\t\t\t\t\t\t<figure class=\"slider-image\" >\n\t\t\t\t\t\t\t<img width=\"1800\" height=\"812\"\t\t\t\t\t\t\t\t\tsrc=\"https:\/\/www.scios.si\/scios-site\/wp-content\/uploads\/2024\/04\/naslovna3.jpg\"\n\t\t\t\t\t\t\t\t\talt=\"Vedeti ve\u010d\"\n\t\t\t\t\t\t\t\t\ttitle=\"Vedeti ve\u010d\"\/>\n\t\t\t\t\t\t\t<div class=\"overlay\"><\/div>\n\t\t\t\t\t\t<\/figure>\n\t\t\t\t\t\t<div class=\"slider-content\">\n\t\t\t\t\t\t\t<div class=\"tg-container\">\n\t\t\t\t\t\t\t\t<div class=\"caption-title\">Vedeti ve\u010d<\/div>\n\t\t\t\t\t\t\t\t<div class=\"caption-desc\"><\/div>\n\t\t\t\t\t\t\t\t\t\t\t\t\t\t\t<\/div>\n\t\t\t\t\t\t<\/div>\n\t\t\t\t\t<\/div>\n\n\t\t\t\t\n\t\t\t\t\t<div class=\"swiper-slide\">\n\t\t\t\t\t\t<figure class=\"slider-image\" >\n\t\t\t\t\t\t\t<img width=\"1800\" height=\"812\"\t\t\t\t\t\t\t\t\tsrc=\"https:\/\/www.scios.si\/scios-site\/wp-content\/uploads\/2024\/04\/naslovna4.jpg\"\n\t\t\t\t\t\t\t\t\talt=\"Vedeti ve\u010d\"\n\t\t\t\t\t\t\t\t\ttitle=\"Vedeti ve\u010d\"\/>\n\t\t\t\t\t\t\t<div class=\"overlay\"><\/div>\n\t\t\t\t\t\t<\/figure>\n\t\t\t\t\t\t<div class=\"slider-content\">\n\t\t\t\t\t\t\t<div class=\"tg-container\">\n\t\t\t\t\t\t\t\t<div class=\"caption-title\">Vedeti ve\u010d<\/div>\n\t\t\t\t\t\t\t\t<div class=\"caption-desc\"><\/div>\n\t\t\t\t\t\t\t\t\t\t\t\t\t\t\t<\/div>\n\t\t\t\t\t\t<\/div>\n\t\t\t\t\t<\/div>\n\n\t\t\t\t\n\t\t\t\t\t<div class=\"swiper-slide\">\n\t\t\t\t\t\t<figure class=\"slider-image\" >\n\t\t\t\t\t\t\t<img width=\"1800\" height=\"812\"\t\t\t\t\t\t\t\t\tsrc=\"https:\/\/www.scios.si\/scios-site\/wp-content\/uploads\/2024\/04\/naslovna2.jpg\"\n\t\t\t\t\t\t\t\t\talt=\"Vedeti ve\u010d\"\n\t\t\t\t\t\t\t\t\ttitle=\"Vedeti ve\u010d\"\/>\n\t\t\t\t\t\t\t<div class=\"overlay\"><\/div>\n\t\t\t\t\t\t<\/figure>\n\t\t\t\t\t\t<div class=\"slider-content\">\n\t\t\t\t\t\t\t<div class=\"tg-container\">\n\t\t\t\t\t\t\t\t<div class=\"caption-title\">Vedeti ve\u010d<\/div>\n\t\t\t\t\t\t\t\t<div class=\"caption-desc\"><\/div>\n\t\t\t\t\t\t\t\t\t\t\t\t\t\t\t<\/div>\n\t\t\t\t\t\t<\/div>\n\t\t\t\t\t<\/div>\n\n\t\t\t\t\t\t<\/div>\n\t\t<div class=\"swiper-pagination\"><\/div>\n\t\t<div class=\"slider-arrow\">\n\t\t\t<div class=\"swiper-button-next\"><\/div>\n\t\t\t<div class=\"swiper-button-prev\"><\/div>\n\t\t<\/div>\n\t<\/div>\n<\/div>\n<\/div><\/div><\/div><\/div><div id=\"pg-643-1\"  class=\"panel-grid panel-has-style\" ><div class=\"panel-row-style panel-row-style-for-643-1\" ><div id=\"pgc-643-1-0\"  class=\"panel-grid-cell\" ><div id=\"panel-643-1-0-0\" class=\"so-panel widget widget_themegrill_flash_service tg-widget tg-single-service panel-first-child panel-last-child\" data-index=\"1\" >\n<div class=\"tg-service-widget tg-service-layout-1\">\n\t<div class=\"service-wrapper\">\n\t\t<div class=\"service-icon-title-wrapper clearfix\">\n\t\t\t\t\t\t<div class=\"service-icon-wrap\"><i class=\"fa fa-check-square\"><\/i><\/div>\n\t\t\t\t\t\t\t\t\t\t\t\t<h3 class=\"service-title-wrap\">\n\t\t\t\t\t\t\t\t<a href=\"https:\/\/www.scios.si\/scios-site\/delavnice\/\">\n\t\t\t\tIKT DELAVNICE\t\t\t\t\t\t\t\t<\/a>\n\t\t\t\t\t\t\t<\/h3>\n\t\t\t\t\t<\/div>\n\t\t\t\t<div class=\"service-content-wrap\">Za posameznike ali manj\u0161e skupine pripravimo delavnice prakti\u010dne uporabe izbranih IKT orodij.<\/div>\n\t\t\t\t\t\t<a class=\"service-more\" href=\"https:\/\/www.scios.si\/scios-site\/delavnice\/\">VE\u010c<\/a>\n\t\t\t<\/div>\n<\/div>\n<\/div><\/div><div id=\"pgc-643-1-1\"  class=\"panel-grid-cell\" ><div id=\"panel-643-1-1-0\" class=\"so-panel widget widget_themegrill_flash_service tg-widget tg-single-service panel-first-child panel-last-child\" data-index=\"2\" >\n<div class=\"tg-service-widget tg-service-layout-1\">\n\t<div class=\"service-wrapper\">\n\t\t<div class=\"service-icon-title-wrapper clearfix\">\n\t\t\t\t\t\t<div class=\"service-icon-wrap\"><i class=\"fa fa-support\"><\/i><\/div>\n\t\t\t\t\t\t\t\t\t\t\t\t<h3 class=\"service-title-wrap\">\n\t\t\t\t\t\t\t\t<a href=\"#\">\n\t\t\t\tSVETOVANJE\t\t\t\t\t\t\t\t<\/a>\n\t\t\t\t\t\t\t<\/h3>\n\t\t\t\t\t<\/div>\n\t\t\t\t<div class=\"service-content-wrap\">Opravljamo specialno pedago\u0161ko svetovanje.<\/div>\n\t\t\t\t\t\t<a class=\"service-more\" href=\"#\">VE\u010c<\/a>\n\t\t\t<\/div>\n<\/div>\n<\/div><\/div><div id=\"pgc-643-1-2\"  class=\"panel-grid-cell\" ><div id=\"panel-643-1-2-0\" class=\"so-panel widget widget_themegrill_flash_service tg-widget tg-single-service panel-first-child panel-last-child\" data-index=\"3\" >\n<div class=\"tg-service-widget tg-service-layout-1\">\n\t<div class=\"service-wrapper\">\n\t\t<div class=\"service-icon-title-wrapper clearfix\">\n\t\t\t\t\t\t<div class=\"service-icon-wrap\"><i class=\"fa fa-chrome\"><\/i><\/div>\n\t\t\t\t\t\t\t\t\t\t\t\t<h3 class=\"service-title-wrap\">\n\t\t\t\t\t\t\t\t<a href=\"#\">\n\t\t\t\tSPLETNE STORITVE\t\t\t\t\t\t\t\t<\/a>\n\t\t\t\t\t\t\t<\/h3>\n\t\t\t\t\t<\/div>\n\t\t\t\t<div class=\"service-content-wrap\">Po dogovoru opravljamo enostavne spletne predstavitve ali nudimo informacijsko podporo pri projektih.<\/div>\n\t\t\t\t\t\t<a class=\"service-more\" href=\"#\">VE\u010c<\/a>\n\t\t\t<\/div>\n<\/div>\n<\/div><\/div><\/div><\/div><\/div>","protected":false},"excerpt":{"rendered":"<p>Vedeti ve\u010d Vedeti ve\u010d Vedeti ve\u010d Vedeti ve\u010d Vedeti ve\u010d IKT DELAVNICE Za posameznike ali manj\u0161e skupine pripravimo delavnice prakti\u010dne [&hellip;]<\/p>\n","protected":false},"author":1,"featured_media":0,"parent":0,"menu_order":0,"comment_status":"closed","ping_status":"closed","template":"page-templates\/pagebuilder.php","meta":{"footnotes":""},"class_list":["post-643","page","type-page","status-publish","hentry"],"_links":{"self":[{"href":"https:\/\/www.scios.si\/scios-site\/wp-json\/wp\/v2\/pages\/643","targetHints":{"allow":["GET"]}}],"collection":[{"href":"https:\/\/www.scios.si\/scios-site\/wp-json\/wp\/v2\/pages"}],"about":[{"href":"https:\/\/www.scios.si\/scios-site\/wp-json\/wp\/v2\/types\/page"}],"author":[{"embeddable":true,"href":"https:\/\/www.scios.si\/scios-site\/wp-json\/wp\/v2\/users\/1"}],"replies":[{"embeddable":true,"href":"https:\/\/www.scios.si\/scios-site\/wp-json\/wp\/v2\/comments?post=643"}],"version-history":[{"count":9,"href":"https:\/\/www.scios.si\/scios-site\/wp-json\/wp\/v2\/pages\/643\/revisions"}],"predecessor-version":[{"id":810,"href":"https:\/\/www.scios.si\/scios-site\/wp-json\/wp\/v2\/pages\/643\/revisions\/810"}],"wp:attachment":[{"href":"https:\/\/www.scios.si\/scios-site\/wp-json\/wp\/v2\/media?parent=643"}],"curies":[{"name":"wp","href":"https:\/\/api.w.org\/{rel}","templated":true}]}}